{"id":8,"date":"2021-07-25T09:26:24","date_gmt":"2021-07-25T09:26:24","guid":{"rendered":"https:\/\/www.tobiaspinger.de\/?page_id=8"},"modified":"2025-12-13T09:47:08","modified_gmt":"2025-12-13T09:47:08","slug":"kontakt","status":"publish","type":"page","link":"https:\/\/www.tobiaspinger.de\/?page_id=8","title":{"rendered":"Kontakt"},"content":{"rendered":"\t\t<div data-elementor-type=\"wp-page\" data-elementor-id=\"8\" class=\"elementor elementor-8\">\n\t\t\t\t\t\t<section class=\"elementor-section elementor-top-section elementor-element elementor-element-3e2e8612 elementor-section-boxed elementor-section-height-default elementor-section-height-default\" data-id=\"3e2e8612\" data-element_type=\"section\" data-e-type=\"section\">\n\t\t\t\t\t\t<div class=\"elementor-container elementor-column-gap-default\">\n\t\t\t\t\t<div class=\"elementor-column elementor-col-100 elementor-top-column elementor-element elementor-element-3f783ca5\" data-id=\"3f783ca5\" data-element_type=\"column\" data-e-type=\"column\">\n\t\t\t<div class=\"elementor-widget-wrap elementor-element-populated\">\n\t\t\t\t\t\t<div class=\"elementor-element elementor-element-62a8a1b9 elementor-widget elementor-widget-text-editor\" data-id=\"62a8a1b9\" data-element_type=\"widget\" data-e-type=\"widget\" data-widget_type=\"text-editor.default\">\n\t\t\t\t<div class=\"elementor-widget-container\">\n\t\t\t\t\t\t\t\t\t<p><strong>1. Kontakt<\/strong><\/p>\n<p>Nehmen Sie unverbindlich mit uns Kontakt auf. Nutzen Sie hierf\u00fcr die M\u00f6glichkeit per Email oder Telefon .<\/p>\n<p><strong style=\"color: var( --e-global-color-text ); font-family: var( --e-global-typography-text-font-family ), Sans-serif; font-size: 1rem;\">2. Beratungsgespr\u00e4ch vor Ort&nbsp;<\/strong><\/p>\n<p>Ein erster Termin vor Ort kostet Sie nichts. So k\u00f6nnen wir uns kennenlernen und erste Ideen sammeln.&nbsp; Weitere Termine und Planungen sind&nbsp; kostenpflichtig. Hierf\u00fcr haben wir f\u00fcr Sie verschiedene Planungsangebote. Ihr Vorteil ist es das wir gemeinsam wissen wie Ihr Projekt aussieht und im geplanten Kostenrahmen bleiben.&nbsp;&nbsp;<\/p>\n<p><strong>3. Angebotserstellung&nbsp;<\/strong><\/p>\n<p>Nach ausf\u00fchrlicher Beratung erstellen wir Ihnen ein Angebot und auf Wunsch eine professionelle Zeichnung ihres Bauvorhabens.&nbsp;<\/p>\n<p><strong>4. Beginn des Projekts.<\/strong><\/p>\n<p>Nach abgeschlossener Planung, beginnen wir mit mit der Umsetzung Ihres Projektes.<\/p>\t\t\t\t\t\t\t\t<\/div>\n\t\t\t\t<\/div>\n\t\t\t\t\t<\/div>\n\t\t<\/div>\n\t\t\t\t\t<\/div>\n\t\t<\/section>\n\t\t\t\t<section class=\"elementor-section elementor-top-section elementor-element elementor-element-484ba89 elementor-section-boxed elementor-section-height-default elementor-section-height-default\" data-id=\"484ba89\" data-element_type=\"section\" data-e-type=\"section\">\n\t\t\t\t\t\t<div class=\"elementor-container elementor-column-gap-default\">\n\t\t\t\t\t<div class=\"elementor-column elementor-col-100 elementor-top-column elementor-element elementor-element-3417d06\" data-id=\"3417d06\" data-element_type=\"column\" data-e-type=\"column\">\n\t\t\t<div class=\"elementor-widget-wrap elementor-element-populated\">\n\t\t\t\t\t\t<div class=\"elementor-element elementor-element-3361589 elementor-widget elementor-widget-text-editor\" data-id=\"3361589\" data-element_type=\"widget\" data-e-type=\"widget\" data-widget_type=\"text-editor.default\">\n\t\t\t\t<div class=\"elementor-widget-container\">\n\t\t\t\t\t\t\t\t\t<p>[contact-form-7 id=&#8220;145&#8243; title=&#8220;Kontakt&#8220;]<\/p>\t\t\t\t\t\t\t\t<\/div>\n\t\t\t\t<\/div>\n\t\t\t\t\t<\/div>\n\t\t<\/div>\n\t\t\t\t\t<\/div>\n\t\t<\/section>\n\t\t\t\t<section class=\"elementor-section elementor-top-section elementor-element elementor-element-2c136e1 elementor-section-boxed elementor-section-height-default elementor-section-height-default\" data-id=\"2c136e1\" data-element_type=\"section\" data-e-type=\"section\">\n\t\t\t\t\t\t<div class=\"elementor-container elementor-column-gap-default\">\n\t\t\t\t\t<div class=\"elementor-column elementor-col-100 elementor-top-column elementor-element elementor-element-9be56f6\" data-id=\"9be56f6\" data-element_type=\"column\" data-e-type=\"column\">\n\t\t\t<div class=\"elementor-widget-wrap elementor-element-populated\">\n\t\t\t\t\t\t<div class=\"elementor-element elementor-element-a6aace2 elementor-widget elementor-widget-text-editor\" data-id=\"a6aace2\" data-element_type=\"widget\" data-e-type=\"widget\" data-widget_type=\"text-editor.default\">\n\t\t\t\t<div class=\"elementor-widget-container\">\n\t\t\t\t\t\t\t\t\t<p>F\u00fcr die Kontaktaufnahme k\u00f6nnen Sie uns gerne auch eine <a href=\"https:\/\/wa.me\/message\/3DIXN32WZJA2B1\" target=\"_blank\" rel=\"noopener\">WhatsApp an Tel: 022919010967<\/a> senden.<\/p>\t\t\t\t\t\t\t\t<\/div>\n\t\t\t\t<\/div>\n\t\t\t\t\t<\/div>\n\t\t<\/div>\n\t\t\t\t\t<\/div>\n\t\t<\/section>\n\t\t\t\t<\/div>\n\t\t","protected":false},"excerpt":{"rendered":"<p>1. Kontakt Nehmen Sie unverbindlich mit uns Kontakt auf. Nutzen Sie hierf\u00fcr die M\u00f6glichkeit per Email oder Telefon . 2. Beratungsgespr\u00e4ch vor Ort&nbsp; Ein erster Termin vor Ort kostet Sie nichts. So k\u00f6nnen wir uns kennenlernen und erste Ideen sammeln.&nbsp; Weitere Termine und Planungen sind&nbsp; kostenpflichtig. Hierf\u00fcr haben wir f\u00fcr Sie verschiedene Planungsangebote. Ihr Vorteil [&hellip;]<\/p>\n","protected":false},"author":1,"featured_media":0,"parent":0,"menu_order":0,"comment_status":"closed","ping_status":"closed","template":"","meta":{"footnotes":""},"class_list":["post-8","page","type-page","status-publish","hentry"],"_links":{"self":[{"href":"https:\/\/www.tobiaspinger.de\/index.php?rest_route=\/wp\/v2\/pages\/8","targetHints":{"allow":["GET"]}}],"collection":[{"href":"https:\/\/www.tobiaspinger.de\/index.php?rest_route=\/wp\/v2\/pages"}],"about":[{"href":"https:\/\/www.tobiaspinger.de\/index.php?rest_route=\/wp\/v2\/types\/page"}],"author":[{"embeddable":true,"href":"https:\/\/www.tobiaspinger.de\/index.php?rest_route=\/wp\/v2\/users\/1"}],"replies":[{"embeddable":true,"href":"https:\/\/www.tobiaspinger.de\/index.php?rest_route=%2Fwp%2Fv2%2Fcomments&post=8"}],"version-history":[{"count":66,"href":"https:\/\/www.tobiaspinger.de\/index.php?rest_route=\/wp\/v2\/pages\/8\/revisions"}],"predecessor-version":[{"id":1037,"href":"https:\/\/www.tobiaspinger.de\/index.php?rest_route=\/wp\/v2\/pages\/8\/revisions\/1037"}],"wp:attachment":[{"href":"https:\/\/www.tobiaspinger.de\/index.php?rest_route=%2Fwp%2Fv2%2Fmedia&parent=8"}],"curies":[{"name":"wp","href":"https:\/\/api.w.org\/{rel}","templated":true}]}}